{"id":97,"date":"2023-07-11T12:19:24","date_gmt":"2023-07-11T10:19:24","guid":{"rendered":"http:\/\/www.albert-mkhitarian-art.com\/?page_id=97"},"modified":"2023-07-17T15:49:53","modified_gmt":"2023-07-17T13:49:53","slug":"actualite-et-expositions","status":"publish","type":"page","link":"https:\/\/www.albert-mkhitarian-art.com\/index.php\/actualite-et-expositions\/","title":{"rendered":"ACTUALIT\u00c9 ET EXPOSITIONS"},"content":{"rendered":"<p>[et_pb_section fb_built=\u00a0\u00bb1&Prime; _builder_version=\u00a0\u00bb4.20.0&Prime; _module_preset=\u00a0\u00bbdefault\u00a0\u00bb global_colors_info=\u00a0\u00bb{}\u00a0\u00bb][et_pb_row column_structure=\u00a0\u00bb1_2,1_2&Prime; _builder_version=\u00a0\u00bb4.20.0&Prime; _module_preset=\u00a0\u00bbdefault\u00a0\u00bb hover_enabled=\u00a0\u00bb0&Prime; global_colors_info=\u00a0\u00bb{}\u00a0\u00bb custom_padding=\u00a0\u00bb|||7px||\u00a0\u00bb min_height=\u00a0\u00bb2349.4px\u00a0\u00bb sticky_enabled=\u00a0\u00bb0&Prime;][et_pb_column type=\u00a0\u00bb1_2&Prime; _builder_version=\u00a0\u00bb4.20.0&Prime; _module_preset=\u00a0\u00bbdefault\u00a0\u00bb global_colors_info=\u00a0\u00bb{}\u00a0\u00bb][et_pb_text _builder_version=\u00a0\u00bb4.21.0&Prime; _module_preset=\u00a0\u00bbdefault\u00a0\u00bb hover_enabled=\u00a0\u00bb0&Prime; global_colors_info=\u00a0\u00bb{}\u00a0\u00bb sticky_enabled=\u00a0\u00bb0&Prime;]<\/p>\n<h1><strong>Liste des expositions<\/strong><\/h1>\n<p><strong><\/strong><\/p>\n<p><strong><\/strong><\/p>\n<p><strong><\/strong><\/p>\n<p><strong><\/strong><\/p>\n<p><strong>1988 \u2013 1998<\/strong> Exposition de peintures en Arm\u00e9nie, Iran et Etats \u2013 Unis<\/p>\n<p><strong>Mars 2005<\/strong> Exposition personnelle de sculptures et d\u2019\u0153uvres graphiques \u00e0 la galerie Ferrero de Nice<\/p>\n<p><strong>Mars 2006<\/strong> Salon d\u2019art au Palais des expositions de Nice<\/p>\n<p><strong>Janvier 2006<\/strong> Exposition de sculptures \u00e0 la Mairie du 3e Arrondissement de Lyon<\/p>\n<p><strong>Juin 2006<\/strong> Biennale Art mondial au Ch\u00e2teau Baroux, prix remport\u00e9 dans la cat\u00e9gorie sculpture<\/p>\n<p><strong>D\u00e9cembre 2006<\/strong> Exposition \u00e0 la Maison des artistes de Cagnes-sur-Mer<\/p>\n<p><strong>Novembre 2007<\/strong> Salon d\u2019Automne \u00e0 Paris, discipline sculpture<\/p>\n<p><strong>En 2007<\/strong> Exposition de sculptures \u00e0 la galerie Princesse de Kiev \u00e0 Nice<\/p>\n<p><strong>Septembre 2008<\/strong> Biennale de sculptures 2008 au Mus\u00e9e Renoir \u00e0 Cagnes Sur Mer \u00ab La femme muse et mod\u00e8le\u00bb<\/p>\n<p><strong>Mai 2009<\/strong> Salon Lyonnais des artistes arm\u00e9niens au Palais Bondy \u00e0 Lyon<\/p>\n<p><strong>Novembre 2010<\/strong> Salon des artistes ind\u00e9pendants au Grand Palais \u00e0 Paris dans le cadre de \u00ab Art en Capital \u00bb<\/p>\n<p><strong>Mars 2011<\/strong> Exposition de sculptures \u00e0 la mairie du 17e Arrondissement de Paris<\/p>\n<p><strong>Avril 2012<\/strong> Art Monaco au Grimaldi Forum<\/p>\n<p><strong>Octobre 2012<\/strong> Monaco, GemlucArt Concoure international D\u2019Art Contemporain \u00ab Couleurs du Monde \u00bb<\/p>\n<p><strong>Avril 2013<\/strong> Art Monaco au Grimaldi Forum<\/p>\n<p><strong>Juin 2013<\/strong> Lyon, Palais de Bondy, X\u00e8me Salon Lyonnais<\/p>\n<p><strong>Juin 2015<\/strong> Participation \u00e0 l\u2019exposition de Marseille \u00e0 L\u2019h\u00f4tel Intercontinental, H\u00f4tel Dieu<\/p>\n<p><strong>Juin 2017<\/strong> Exposition personnelle de peintures, de sculptures et d\u2019\u0153uvres graphiques au Mus\u00e9e d\u2019art Moderne<br \/>de Erevan (Arm\u00e9nie)<\/p>\n<p><strong>Juillet 2017<\/strong> Exposition personnelle de peintures, de sculptures et d\u2019\u0153uvres graphiques au Mus\u00e9e Merkurov au sein du<br \/>Mus\u00e9e de l\u2019architecture nationale Dzitoghtsyan \u00e0 Gyumri (Arm\u00e9nie).<\/p>\n<p><strong>Juin 2018<\/strong> Participation au XIe Salon International des Artistes Arm\u00e9niens au Palais Bondy \u00e0 Lyon (France)<\/p>\n<p><strong>Avril 2019<\/strong> Salon de Maison Blanche \u00e0 Marseille, France 6 Avril 2019<\/p>\n<p>[\/et_pb_text][\/et_pb_column][et_pb_column type=\u00a0\u00bb1_2&Prime; _builder_version=\u00a0\u00bb4.20.0&Prime; _module_preset=\u00a0\u00bbdefault\u00a0\u00bb global_colors_info=\u00a0\u00bb{}\u00a0\u00bb][et_pb_gallery gallery_ids=\u00a0\u00bb369,370,371,372,374,375,376,377,378,379,380,381,382,383,384,385,386,780&Prime; posts_number=\u00a0\u00bb18&Prime; show_title_and_caption=\u00a0\u00bboff\u00a0\u00bb _builder_version=\u00a0\u00bb4.21.0&Prime; _module_preset=\u00a0\u00bbdefault\u00a0\u00bb hover_enabled=\u00a0\u00bb0&Prime; global_colors_info=\u00a0\u00bb{}\u00a0\u00bb sticky_enabled=\u00a0\u00bb0&Prime;][\/et_pb_gallery][\/et_pb_column][\/et_pb_row][\/et_pb_section][et_pb_section fb_built=\u00a0\u00bb1&Prime; _builder_version=\u00a0\u00bb4.20.0&Prime; _module_preset=\u00a0\u00bbdefault\u00a0\u00bb global_colors_info=\u00a0\u00bb{}\u00a0\u00bb][et_pb_row column_structure=\u00a0\u00bb1_2,1_2&Prime; _builder_version=\u00a0\u00bb4.20.0&Prime; _module_preset=\u00a0\u00bbdefault\u00a0\u00bb global_colors_info=\u00a0\u00bb{}\u00a0\u00bb][et_pb_column type=\u00a0\u00bb1_2&Prime; _builder_version=\u00a0\u00bb4.20.0&Prime; _module_preset=\u00a0\u00bbdefault\u00a0\u00bb global_colors_info=\u00a0\u00bb{}\u00a0\u00bb][et_pb_video src=\u00a0\u00bbhttps:\/\/www.albert-mkhitarian-art.com\/wp-content\/uploads\/2023\/07\/Exposition-Musee-Modern-Art-Erevan.mp4&Prime; _builder_version=\u00a0\u00bb4.20.0&Prime; _module_preset=\u00a0\u00bbdefault\u00a0\u00bb global_colors_info=\u00a0\u00bb{}\u00a0\u00bb][\/et_pb_video][\/et_pb_column][et_pb_column type=\u00a0\u00bb1_2&Prime; _builder_version=\u00a0\u00bb4.20.0&Prime; _module_preset=\u00a0\u00bbdefault\u00a0\u00bb global_colors_info=\u00a0\u00bb{}\u00a0\u00bb][et_pb_video src=\u00a0\u00bbhttps:\/\/www.albert-mkhitarian-art.com\/wp-content\/uploads\/2023\/07\/Exposition-GYUMRI.mp4&Prime; _builder_version=\u00a0\u00bb4.20.0&Prime; _module_preset=\u00a0\u00bbdefault\u00a0\u00bb global_colors_info=\u00a0\u00bb{}\u00a0\u00bb][\/et_pb_video][\/et_pb_column][\/et_pb_row][et_pb_row column_structure=\u00a0\u00bb1_2,1_2&Prime; _builder_version=\u00a0\u00bb4.20.0&Prime; _module_preset=\u00a0\u00bbdefault\u00a0\u00bb global_colors_info=\u00a0\u00bb{}\u00a0\u00bb][et_pb_column type=\u00a0\u00bb1_2&Prime; _builder_version=\u00a0\u00bb4.20.0&Prime; _module_preset=\u00a0\u00bbdefault\u00a0\u00bb global_colors_info=\u00a0\u00bb{}\u00a0\u00bb][et_pb_text _builder_version=\u00a0\u00bb4.20.0&Prime; _module_preset=\u00a0\u00bbdefault\u00a0\u00bb global_colors_info=\u00a0\u00bb{}\u00a0\u00bb]<\/p>\n<h2 style=\"text-align: center;\"><strong>Exposition au Mus\u00e9e Modern Art d&rsquo;Erevan<\/strong><\/h2>\n<p>[\/et_pb_text][\/et_pb_column][et_pb_column type=\u00a0\u00bb1_2&Prime; _builder_version=\u00a0\u00bb4.20.0&Prime; _module_preset=\u00a0\u00bbdefault\u00a0\u00bb global_colors_info=\u00a0\u00bb{}\u00a0\u00bb][et_pb_text _builder_version=\u00a0\u00bb4.20.0&Prime; _module_preset=\u00a0\u00bbdefault\u00a0\u00bb global_colors_info=\u00a0\u00bb{}\u00a0\u00bb]<\/p>\n<h2 style=\"text-align: center;\"><strong>Exposition au mus\u00e9e de GYUMRI<\/strong><\/h2>\n<p>[\/et_pb_text][\/et_pb_column][\/et_pb_row][\/et_pb_section]<\/p>\n","protected":false},"excerpt":{"rendered":"<p>Liste des expositions 1988 \u2013 1998 Exposition de peintures en Arm\u00e9nie, Iran et Etats \u2013 Unis Mars 2005 Exposition personnelle de sculptures et d\u2019\u0153uvres graphiques \u00e0 la galerie Ferrero de Nice Mars 2006 Salon d\u2019art au Palais des expositions de Nice Janvier 2006 Exposition de sculptures \u00e0 la Mairie du 3e Arrondissement de Lyon Juin [&hellip;]<\/p>\n","protected":false},"author":1,"featured_media":0,"parent":0,"menu_order":0,"comment_status":"closed","ping_status":"closed","template":"","meta":{"_et_pb_use_builder":"on","_et_pb_old_content":"","_et_gb_content_width":"","footnotes":""},"class_list":["post-97","page","type-page","status-publish","hentry"],"yoast_head":"<!-- This site is optimized with the Yoast SEO plugin v20.11 - https:\/\/yoast.com\/wordpress\/plugins\/seo\/ -->\n<title>ACTUALIT\u00c9 ET EXPOSITIONS - Albert MKHITARIAN<\/title>\n<meta name=\"robots\" content=\"index, follow, max-snippet:-1, max-image-preview:large, max-video-preview:-1\" \/>\n<link rel=\"canonical\" href=\"https:\/\/www.albert-mkhitarian-art.com\/index.php\/actualite-et-expositions\/\" \/>\n<meta property=\"og:locale\" content=\"fr_FR\" \/>\n<meta property=\"og:type\" content=\"article\" \/>\n<meta property=\"og:title\" content=\"ACTUALIT\u00c9 ET EXPOSITIONS - Albert MKHITARIAN\" \/>\n<meta property=\"og:description\" content=\"Liste des expositions 1988 \u2013 1998 Exposition de peintures en Arm\u00e9nie, Iran et Etats \u2013 Unis Mars 2005 Exposition personnelle de sculptures et d\u2019\u0153uvres graphiques \u00e0 la galerie Ferrero de Nice Mars 2006 Salon d\u2019art au Palais des expositions de Nice Janvier 2006 Exposition de sculptures \u00e0 la Mairie du 3e Arrondissement de Lyon Juin [&hellip;]\" \/>\n<meta property=\"og:url\" content=\"https:\/\/www.albert-mkhitarian-art.com\/index.php\/actualite-et-expositions\/\" \/>\n<meta property=\"og:site_name\" content=\"Albert MKHITARIAN\" \/>\n<meta property=\"article:modified_time\" content=\"2023-07-17T13:49:53+00:00\" \/>\n<meta name=\"twitter:card\" content=\"summary_large_image\" \/>\n<meta name=\"twitter:label1\" content=\"Dur\u00e9e de lecture estim\u00e9e\" \/>\n\t<meta name=\"twitter:data1\" content=\"3 minutes\" \/>\n<script type=\"application\/ld+json\" class=\"yoast-schema-graph\">{\"@context\":\"https:\/\/schema.org\",\"@graph\":[{\"@type\":\"WebPage\",\"@id\":\"https:\/\/www.albert-mkhitarian-art.com\/index.php\/actualite-et-expositions\/\",\"url\":\"https:\/\/www.albert-mkhitarian-art.com\/index.php\/actualite-et-expositions\/\",\"name\":\"ACTUALIT\u00c9 ET EXPOSITIONS - Albert MKHITARIAN\",\"isPartOf\":{\"@id\":\"https:\/\/www.albert-mkhitarian-art.com\/#website\"},\"datePublished\":\"2023-07-11T10:19:24+00:00\",\"dateModified\":\"2023-07-17T13:49:53+00:00\",\"breadcrumb\":{\"@id\":\"https:\/\/www.albert-mkhitarian-art.com\/index.php\/actualite-et-expositions\/#breadcrumb\"},\"inLanguage\":\"fr-FR\",\"potentialAction\":[{\"@type\":\"ReadAction\",\"target\":[\"https:\/\/www.albert-mkhitarian-art.com\/index.php\/actualite-et-expositions\/\"]}]},{\"@type\":\"BreadcrumbList\",\"@id\":\"https:\/\/www.albert-mkhitarian-art.com\/index.php\/actualite-et-expositions\/#breadcrumb\",\"itemListElement\":[{\"@type\":\"ListItem\",\"position\":1,\"name\":\"Accueil\",\"item\":\"https:\/\/www.albert-mkhitarian-art.com\/\"},{\"@type\":\"ListItem\",\"position\":2,\"name\":\"ACTUALIT\u00c9 ET EXPOSITIONS\"}]},{\"@type\":\"WebSite\",\"@id\":\"https:\/\/www.albert-mkhitarian-art.com\/#website\",\"url\":\"https:\/\/www.albert-mkhitarian-art.com\/\",\"name\":\"Albert MKHITARIAN artiste sculpteur, peintre, architecte\",\"description\":\"Sculpteur, peintre, architecte.\",\"publisher\":{\"@id\":\"https:\/\/www.albert-mkhitarian-art.com\/#organization\"},\"potentialAction\":[{\"@type\":\"SearchAction\",\"target\":{\"@type\":\"EntryPoint\",\"urlTemplate\":\"https:\/\/www.albert-mkhitarian-art.com\/?s={search_term_string}\"},\"query-input\":\"required name=search_term_string\"}],\"inLanguage\":\"fr-FR\"},{\"@type\":\"Organization\",\"@id\":\"https:\/\/www.albert-mkhitarian-art.com\/#organization\",\"name\":\"Albert MKHITARIAN artiste sculpteur, peintre, architecte\",\"url\":\"https:\/\/www.albert-mkhitarian-art.com\/\",\"logo\":{\"@type\":\"ImageObject\",\"inLanguage\":\"fr-FR\",\"@id\":\"https:\/\/www.albert-mkhitarian-art.com\/#\/schema\/logo\/image\/\",\"url\":\"http:\/\/www.albert-mkhitarian-art.com\/wp-content\/uploads\/2023\/07\/ALBERT2BIO-1.jpg\",\"contentUrl\":\"http:\/\/www.albert-mkhitarian-art.com\/wp-content\/uploads\/2023\/07\/ALBERT2BIO-1.jpg\",\"width\":561,\"height\":748,\"caption\":\"Albert MKHITARIAN artiste sculpteur, peintre, architecte\"},\"image\":{\"@id\":\"https:\/\/www.albert-mkhitarian-art.com\/#\/schema\/logo\/image\/\"}}]}<\/script>\n<!-- \/ Yoast SEO plugin. -->","yoast_head_json":{"title":"ACTUALIT\u00c9 ET EXPOSITIONS - Albert MKHITARIAN","robots":{"index":"index","follow":"follow","max-snippet":"max-snippet:-1","max-image-preview":"max-image-preview:large","max-video-preview":"max-video-preview:-1"},"canonical":"https:\/\/www.albert-mkhitarian-art.com\/index.php\/actualite-et-expositions\/","og_locale":"fr_FR","og_type":"article","og_title":"ACTUALIT\u00c9 ET EXPOSITIONS - Albert MKHITARIAN","og_description":"Liste des expositions 1988 \u2013 1998 Exposition de peintures en Arm\u00e9nie, Iran et Etats \u2013 Unis Mars 2005 Exposition personnelle de sculptures et d\u2019\u0153uvres graphiques \u00e0 la galerie Ferrero de Nice Mars 2006 Salon d\u2019art au Palais des expositions de Nice Janvier 2006 Exposition de sculptures \u00e0 la Mairie du 3e Arrondissement de Lyon Juin [&hellip;]","og_url":"https:\/\/www.albert-mkhitarian-art.com\/index.php\/actualite-et-expositions\/","og_site_name":"Albert MKHITARIAN","article_modified_time":"2023-07-17T13:49:53+00:00","twitter_card":"summary_large_image","twitter_misc":{"Dur\u00e9e de lecture estim\u00e9e":"3 minutes"},"schema":{"@context":"https:\/\/schema.org","@graph":[{"@type":"WebPage","@id":"https:\/\/www.albert-mkhitarian-art.com\/index.php\/actualite-et-expositions\/","url":"https:\/\/www.albert-mkhitarian-art.com\/index.php\/actualite-et-expositions\/","name":"ACTUALIT\u00c9 ET EXPOSITIONS - Albert MKHITARIAN","isPartOf":{"@id":"https:\/\/www.albert-mkhitarian-art.com\/#website"},"datePublished":"2023-07-11T10:19:24+00:00","dateModified":"2023-07-17T13:49:53+00:00","breadcrumb":{"@id":"https:\/\/www.albert-mkhitarian-art.com\/index.php\/actualite-et-expositions\/#breadcrumb"},"inLanguage":"fr-FR","potentialAction":[{"@type":"ReadAction","target":["https:\/\/www.albert-mkhitarian-art.com\/index.php\/actualite-et-expositions\/"]}]},{"@type":"BreadcrumbList","@id":"https:\/\/www.albert-mkhitarian-art.com\/index.php\/actualite-et-expositions\/#breadcrumb","itemListElement":[{"@type":"ListItem","position":1,"name":"Accueil","item":"https:\/\/www.albert-mkhitarian-art.com\/"},{"@type":"ListItem","position":2,"name":"ACTUALIT\u00c9 ET EXPOSITIONS"}]},{"@type":"WebSite","@id":"https:\/\/www.albert-mkhitarian-art.com\/#website","url":"https:\/\/www.albert-mkhitarian-art.com\/","name":"Albert MKHITARIAN artiste sculpteur, peintre, architecte","description":"Sculpteur, peintre, architecte.","publisher":{"@id":"https:\/\/www.albert-mkhitarian-art.com\/#organization"},"potentialAction":[{"@type":"SearchAction","target":{"@type":"EntryPoint","urlTemplate":"https:\/\/www.albert-mkhitarian-art.com\/?s={search_term_string}"},"query-input":"required name=search_term_string"}],"inLanguage":"fr-FR"},{"@type":"Organization","@id":"https:\/\/www.albert-mkhitarian-art.com\/#organization","name":"Albert MKHITARIAN artiste sculpteur, peintre, architecte","url":"https:\/\/www.albert-mkhitarian-art.com\/","logo":{"@type":"ImageObject","inLanguage":"fr-FR","@id":"https:\/\/www.albert-mkhitarian-art.com\/#\/schema\/logo\/image\/","url":"http:\/\/www.albert-mkhitarian-art.com\/wp-content\/uploads\/2023\/07\/ALBERT2BIO-1.jpg","contentUrl":"http:\/\/www.albert-mkhitarian-art.com\/wp-content\/uploads\/2023\/07\/ALBERT2BIO-1.jpg","width":561,"height":748,"caption":"Albert MKHITARIAN artiste sculpteur, peintre, architecte"},"image":{"@id":"https:\/\/www.albert-mkhitarian-art.com\/#\/schema\/logo\/image\/"}}]}},"_links":{"self":[{"href":"https:\/\/www.albert-mkhitarian-art.com\/index.php\/wp-json\/wp\/v2\/pages\/97","targetHints":{"allow":["GET"]}}],"collection":[{"href":"https:\/\/www.albert-mkhitarian-art.com\/index.php\/wp-json\/wp\/v2\/pages"}],"about":[{"href":"https:\/\/www.albert-mkhitarian-art.com\/index.php\/wp-json\/wp\/v2\/types\/page"}],"author":[{"embeddable":true,"href":"https:\/\/www.albert-mkhitarian-art.com\/index.php\/wp-json\/wp\/v2\/users\/1"}],"replies":[{"embeddable":true,"href":"https:\/\/www.albert-mkhitarian-art.com\/index.php\/wp-json\/wp\/v2\/comments?post=97"}],"version-history":[{"count":7,"href":"https:\/\/www.albert-mkhitarian-art.com\/index.php\/wp-json\/wp\/v2\/pages\/97\/revisions"}],"predecessor-version":[{"id":783,"href":"https:\/\/www.albert-mkhitarian-art.com\/index.php\/wp-json\/wp\/v2\/pages\/97\/revisions\/783"}],"wp:attachment":[{"href":"https:\/\/www.albert-mkhitarian-art.com\/index.php\/wp-json\/wp\/v2\/media?parent=97"}],"curies":[{"name":"wp","href":"https:\/\/api.w.org\/{rel}","templated":true}]}}